{"id":117,"date":"2024-08-27T10:50:51","date_gmt":"2024-08-27T08:50:51","guid":{"rendered":"https:\/\/traze-hr.com\/?page_id=117"},"modified":"2026-03-03T15:32:28","modified_gmt":"2026-03-03T14:32:28","slug":"impressum","status":"publish","type":"page","link":"https:\/\/traze-hr.com\/en\/impressum\/","title":{"rendered":"Impressum"},"content":{"rendered":"<p><strong>traze GmbH<\/strong><br>Registered office of the company:<br>Parkallee 20<br>21521 Wohltorf<br>Germany<\/p>\n\n\n\n<p><strong>Our Hamburg office:<br><\/strong>Poststra\u00dfe 33<br>20354 Hamburg<\/p>\n\n\n\n<p><strong>Contact:<br><\/strong>+ 49 (0) 160 383 15 25<br><a href=\"mailto:contact@traze-hr.com\">contact@traze-hr.com<\/a><br><a href=\"https:\/\/traze-hr.com\/en\/\">www.traze-hr.com<\/a><\/p>\n\n\n\n<p><strong>Management<br><\/strong>Matthias Hussl, Oliver Mantau &amp; Stephan Sch\u00e4fer<\/p>\n\n\n\n<p><strong>Register court:<br><\/strong>Amtsgericht L\u00fcbeck, HRB 26369<br>Value added tax identification number (VAT ID):<br>DE367308657<\/p>","protected":false},"excerpt":{"rendered":"<p>traze GmbHSitz der Gesellschaft:Parkallee 2021521 WohltorfDeutschland Unser Hamburger Office:Poststra\u00dfe 3320354 Hamburg Kontakt:+ 49 (0) 160 383 15 25contact@traze-hr.comwww.traze-hr.com Gesch\u00e4ftsf\u00fchrer:Matthias Hussl, Oliver Mantau &amp; Stephan Sch\u00e4fer Registergericht:Amtsgericht L\u00fcbeck, HRB 26369Umsatzsteuer-Identifikationsnummer (USt-IdNr.):DE367308657<\/p>","protected":false},"author":1,"featured_media":0,"parent":0,"menu_order":0,"comment_status":"closed","ping_status":"closed","template":"","meta":{"_acf_changed":false,"footnotes":""},"class_list":["post-117","page","type-page","status-publish"],"acf":[],"_links":{"self":[{"href":"https:\/\/traze-hr.com\/en\/wp-json\/wp\/v2\/pages\/117","targetHints":{"allow":["GET"]}}],"collection":[{"href":"https:\/\/traze-hr.com\/en\/wp-json\/wp\/v2\/pages"}],"about":[{"href":"https:\/\/traze-hr.com\/en\/wp-json\/wp\/v2\/types\/page"}],"author":[{"embeddable":true,"href":"https:\/\/traze-hr.com\/en\/wp-json\/wp\/v2\/users\/1"}],"replies":[{"embeddable":true,"href":"https:\/\/traze-hr.com\/en\/wp-json\/wp\/v2\/comments?post=117"}],"version-history":[{"count":6,"href":"https:\/\/traze-hr.com\/en\/wp-json\/wp\/v2\/pages\/117\/revisions"}],"predecessor-version":[{"id":492,"href":"https:\/\/traze-hr.com\/en\/wp-json\/wp\/v2\/pages\/117\/revisions\/492"}],"wp:attachment":[{"href":"https:\/\/traze-hr.com\/en\/wp-json\/wp\/v2\/media?parent=117"}],"curies":[{"name":"wp","href":"https:\/\/api.w.org\/{rel}","templated":true}]}}